{"id":834,"date":"2020-12-02T19:45:26","date_gmt":"2020-12-02T18:45:26","guid":{"rendered":"http:\/\/vivere.pl\/vivereverde\/?page_id=834"},"modified":"2020-12-02T19:45:27","modified_gmt":"2020-12-02T18:45:27","slug":"regulamin-newslettera","status":"publish","type":"page","link":"https:\/\/vivere.pl\/vivereverde\/regulamin-newslettera\/","title":{"rendered":"Regulamin newslettera"},"content":{"rendered":"\n<ol><li>Us\u0142uga Newslettera jest \u015bwiadczona drog\u0105 elektroniczn\u0105 przez VIVERE sp. z o.o. z siedzib\u0105 w Warszawie (00-845), przy ul. \u0141uckiej 2\/4\/6, wpisana do rejestru przedsi\u0119biorc\u00f3w KRS pod numerem 0000738651, kt\u00f3rej akta rejestrowe przechowywane s\u0105 przez S\u0105d Rejonowy dla m. st. Warszawy w Warszawie, XII Wydzia\u0142 Gospodarczy KRS, NIP: 5272857177(dalej \u201e<strong>Administrator<\/strong>\u201d). Us\u0142uga Newslettera \u015bwiadczona jest nieodp\u0142atnie na czas nieoznaczony lub do momentu rezygnacji z us\u0142ugi Newsletter lub te\u017c do momentu zako\u0144czenia \u015bwiadczenia us\u0142ugi Newsletter przez Administratora.<\/li><li>Administratorem danych osobowych zgodnie z art. 4 pkt. 7 RODO jest VIVERE sp. z o.o. z siedzib\u0105 w Warszawie (00-845), przy ul. \u0141uckiej 2\/4\/6, tel.: +48\u00a0502\u00a0502 303, e-mail: kontakt@vivere.pl.<\/li><li>Dane u\u017cytkownik\u00f3w przetwarzane s\u0105 w celu \u015bwiadczenia us\u0142ugi Newslettera. Podanie danych (adresu e-mail) jest dobrowolne, ale niezb\u0119dne do aktywowania i subskrypcji Newslettera. Szczeg\u00f3\u0142owe informacje na temat administratora danych osobowych i zasad przetwarzania danych osobowych dost\u0119pne w Polityce prywatno\u015bci dost\u0119pnej\u00a0<a rel=\"noreferrer noopener\" href=\"http:\/\/vivere.pl\/vivereverde\/polityka-prywatnosci\/\" target=\"_blank\">tutaj<\/a>.<\/li><li>\u015awiadczenie us\u0142ugi Newslettera polega na cyklicznym przesy\u0142aniu \u015brodkami komunikacji (email) elektronicznej wiadomo\u015bci zawieraj\u0105cej materia\u0142y marketingowe Administratora, w szczeg\u00f3lno\u015bci dotycz\u0105cych jego oferty, nowo\u015bci lub akcji promocyjnych.<\/li><li>Us\u0142uga Newslettera \u015bwiadczona jest dla os\u00f3b, kt\u00f3re wyrazi\u0142y zgod\u0119 na otrzymywanie Newslettera podaj\u0105c adres email w formularzu zapisu do us\u0142ugi Newslettera. Us\u0142uga Newslettera \u015bwiadczona jest nieodp\u0142atnie.<\/li><li>Subskrypcja us\u0142ugi Newslettera rozpoczyna si\u0119 z chwil\u0105 przes\u0142ania Administratorowi adresu email w formularzu zapisu do us\u0142ugi. Przed zam\u00f3wieniem us\u0142ugi Newslettera nale\u017cy uwa\u017cnie zapozna\u0107 si\u0119 tre\u015bci\u0105 niniejszego Regulaminu oraz Polityk\u0105 prywatno\u015bci dost\u0119pn\u0105\u00a0<a rel=\"noreferrer noopener\" href=\"http:\/\/vivereverde.pl\/polityka-prywatnosci\/\" target=\"_blank\">tutaj<\/a>.<\/li><li>Subskrypcja us\u0142ugi Newslettera mo\u017ce by\u0107 w ka\u017cdym momencie anulowana bez podania przyczyny i bez ponoszenia koszt\u00f3w poprzez klikni\u0119cie w link rezygnacyjny zawarty w ka\u017cdym Newsletterze albo poprzez bezpo\u015bredni kontakt z Administratorem na adres 00-845 Warszawa, ul. \u0141ucka 2\/4\/6\/2U.<\/li><li>\u017b\u0105danie zaprzestania wysy\u0142ania Newslettera zostaje niezw\u0142ocznie potwierdzone przez Administratora poprzez wys\u0142anie wiadomo\u015bci e-mail na adres poczty elektronicznej podany przy zam\u00f3wieniu us\u0142ugi Newslettera.<\/li><li>Reklamacje dotycz\u0105ce us\u0142ugi Newsletter mo\u017cna sk\u0142ada\u0107 za po\u015brednictwem poczty elektronicznej na adres kontakt@vivere.pl lub pisemnie na adres 00-845 Warszawa, ul. \u0141ucka 2\/4\/6\/2U. Reklamacja powinna zawiera\u0107 w szczeg\u00f3lno\u015bci: opis sprawy, kt\u00f3rej dotyczy reklamacja, adres poczty elektronicznej (e-mail) podany podczas rejestracji dotycz\u0105cej us\u0142ugi Newsletter oraz adres poczty elektronicznej (e-mail) lub adres tradycyjny do korespondencji, na kt\u00f3ry ma zosta\u0107 wys\u0142ana odpowied\u017a na reklamacj\u0119. Rozpatrzenie reklamacji oraz udzielnie odpowiedzi o sposobie jej rozpatrzenia nast\u0105pi w terminie 14 dni od daty otrzymania zg\u0142oszenia przez Administratora. Odpowied\u017a na reklamacje zostanie przes\u0142ana zgodnie z danymi wskazanymi w reklamacji.<\/li><li>Niniejszy Regulamin dost\u0119pny jest nieodp\u0142atnie na stronie http:\/\/vivere.pl\/.<\/li><li>Zmiana niniejszego Regulaminu mo\u017ce nast\u0105pi\u0107 z wa\u017cnych przyczyn, do kt\u00f3rych nale\u017cy:<\/li><\/ol>\n\n\n\n<ol type=\"a\"><li>zmiana warunk\u00f3w technicznych \u015bwiadczenia us\u0142ug drog\u0105 elektroniczn\u0105 przez Administratora, w tym wprowadzenie nowych us\u0142ug, rozbudowa lub zmiana funkcjonalno\u015bci serwisu dost\u0119pnego pod adresem http:\/\/vivereverde.pl\/,<\/li><li>poprawa obs\u0142ugi u\u017cytkownik\u00f3w, w tym przeciwdzia\u0142anie nadu\u017cyciom,<\/li><li>zmiana danych Administratora, w szczeg\u00f3lno\u015bci nazw, numer\u00f3w identyfikacyjnych, adres\u00f3w elektronicznych lub link\u00f3w zamieszczonych lub danych teleadresowych wskazanych w niniejszym Regulaminie,<\/li><li>potrzeba usuni\u0119cia z tre\u015bci niniejszego Regulaminu ewentualnych b\u0142\u0119d\u00f3w, omy\u0142ek pisarskich lub niejasno\u015bci,<\/li><li>konieczno\u015b\u0107 dostosowania postanowie\u0144 niniejszego Regulaminu do przepis\u00f3w prawa maj\u0105cych bezpo\u015bredni wp\u0142yw na \u015bwiadczenie us\u0142ug i prowadzenie sprzeda\u017cy produkt\u00f3w przez Administratora.<\/li><li>Administrator zamie\u015bci informacj\u0119 o zmianie niniejszego Regulaminu bezpo\u015brednio na stronie\u00a0http:\/\/vivere.pl\/\u00a0oraz poinformuje bezpo\u015brednio u\u017cytkownik\u00f3w o jego zmianie wysy\u0142aj\u0105c wiadomo\u015b\u0107 na adres e-mail podany przez u\u017cytkownika podczas zapisu do us\u0142ugi Newslettera.<\/li><\/ol>\n","protected":false},"excerpt":{"rendered":"<p>Us\u0142uga Newslettera jest \u015bwiadczona drog\u0105 elektroniczn\u0105 przez VIVERE sp. z o.o. z siedzib\u0105 w Warszawie (00-845), przy ul. \u0141uckiej 2\/4\/6, wpisana do rejestru przedsi\u0119biorc\u00f3w KRS pod numerem 0000738651, kt\u00f3rej akta rejestrowe przechowywane s\u0105 przez S\u0105d Rejonowy&#8230; <a class=\"more\" href=\"https:\/\/vivere.pl\/vivereverde\/regulamin-newslettera\/\"> Wi\u0119cej &rarr;<\/a><\/p>\n","protected":false},"author":3,"featured_media":0,"parent":0,"menu_order":0,"comment_status":"closed","ping_status":"closed","template":"","meta":[],"acf":[],"_links":{"self":[{"href":"https:\/\/vivere.pl\/vivereverde\/wp-json\/wp\/v2\/pages\/834"}],"collection":[{"href":"https:\/\/vivere.pl\/vivereverde\/wp-json\/wp\/v2\/pages"}],"about":[{"href":"https:\/\/vivere.pl\/vivereverde\/wp-json\/wp\/v2\/types\/page"}],"author":[{"embeddable":true,"href":"https:\/\/vivere.pl\/vivereverde\/wp-json\/wp\/v2\/users\/3"}],"replies":[{"embeddable":true,"href":"https:\/\/vivere.pl\/vivereverde\/wp-json\/wp\/v2\/comments?post=834"}],"version-history":[{"count":1,"href":"https:\/\/vivere.pl\/vivereverde\/wp-json\/wp\/v2\/pages\/834\/revisions"}],"predecessor-version":[{"id":835,"href":"https:\/\/vivere.pl\/vivereverde\/wp-json\/wp\/v2\/pages\/834\/revisions\/835"}],"wp:attachment":[{"href":"https:\/\/vivere.pl\/vivereverde\/wp-json\/wp\/v2\/media?parent=834"}],"curies":[{"name":"wp","href":"https:\/\/api.w.org\/{rel}","templated":true}]}}