{"id":3,"date":"2020-10-11T20:37:38","date_gmt":"2020-10-11T18:37:38","guid":{"rendered":"http:\/\/vivere.pl\/vivereverde\/?page_id=3"},"modified":"2020-12-02T19:44:08","modified_gmt":"2020-12-02T18:44:08","slug":"polityka-prywatnosci","status":"publish","type":"page","link":"https:\/\/vivere.pl\/vivereverde\/polityka-prywatnosci\/","title":{"rendered":"Polityka prywatno\u015bci"},"content":{"rendered":"\n<p>1. Administrator<\/p>\n\n\n\n<p>Administratorem danych osobowych jest VIVERE sp\u00f3\u0142ka z ograniczon\u0105 odpowiedzialno\u015bci\u0105 z siedzib\u0105 w Warszawie (00-845), przy ul. \u0141uckiej 2\/4\/6, wpisana do rejestru przedsi\u0119biorc\u00f3w KRS pod numerem 0000738651, kt\u00f3rej akta rejestrowe przechowywane s\u0105 przez S\u0105d Rejonowy dla m. st. Warszawy w Warszawie, XII Wydzia\u0142 Gospodarczy KRS, NIP: 5272857177 (\u201e<strong>Administrator<\/strong>\u201d). Z Administratorem mo\u017cna skontaktowa\u0107 si\u0119 w nast\u0119puj\u0105cy spos\u00f3b:<\/p>\n\n\n\n<ul><li>poprzez formularz kontaktowy dost\u0119pny w serwisie internetowym dost\u0119pnym pod adresem http:\/\/vivere.pl\/,<\/li><li>telefonicznie na numer +48 502\u00a0502 303,<\/li><li>poczt\u0105 elektroniczn\u0105 na adres kontakt@vivere.pl,<\/li><li>pisemnie na adres 00-845 Warszawa, ul. \u0141ucka 2\/4\/6\/2U.<\/li><\/ul>\n\n\n\n<p>2. Informacje og\u00f3lne.<\/p>\n\n\n\n<p>Administrator niniejszym informuje, \u017ce przetwarza Pa\u0144stwa dane osobowe zgodnie z regulacjami Rozporz\u0105dzenia Parlamentu Europejskiego i Rady (UE) 2016\/679 z dnia 27 kwietnia 2016 roku w sprawie ochrony os\u00f3b fizycznych w zwi\u0105zku z przetwarzaniem danych osobowych i w sprawie swobodnego przep\u0142ywu takich danych oraz uchylenia dyrektywy 95\/46\/WE (og\u00f3lne rozporz\u0105dzenie o ochronie danych), Dz. Urz. UE L Nr 119 (\u201e<strong>RODO<\/strong>\u201d).<\/p>\n\n\n\n<p>3. Cele, podstawa prawna oraz okres przetwarzania danych osobowych.<\/p>\n\n\n\n<figure class=\"wp-block-table\"><table><tbody><tr><td>Proces (cel) przetwarzania<\/td><td>Podstawa prawna i okres przetwarzania danych<\/td><td>Prawnie uzasadniony interes (je\u015bli wyst\u0119puje)<\/td><\/tr><tr><td>Prowadzenie dzia\u0142a\u0144 marketingowych<\/td><td>Art. 6 ust 1 lit. a) lub Art. 6 ust. 1 lit. b) lub art. 6 ust. 1lit. f) RODO<br>Dane przetwarza\u0107 b\u0119dziemya)&nbsp;&nbsp;&nbsp; do czasu wycofania przez Pani\u0105\/Pana zgody na ich przetwarzanie, je\u017celi opiera si\u0119 ono na Pani\/Pana zgodzie, lubb)&nbsp;&nbsp; do czasu podejmowania dzia\u0142a\u0144 zwi\u0105zanych z zawarciem umowy,c)&nbsp;&nbsp;&nbsp; w zakresie realizacji prawnie uzasadnionego interesu Administratora &#8211; do dnia wniesienia sprzeciwu lub do dnia tego spotkania.<\/td><td>um\u00f3wienie si\u0119 na spotkanie dotycz\u0105ce \u015bwiadczonych przez Administratora us\u0142ug i oferowanych produkt\u00f3w<\/td><\/tr><tr><td>Zawarcie i wykonanie umowy z klientem, kt\u00f3ry zakupi\u0142 lokal<\/td><td>Art. 6 ust 1 lit. b) lub Art. 6 ust. 1 lit. c) lub art. 6 ust. 1lit. f) RODO oraz art. 9 ust. 2 lit. a RODODane przetwarza\u0107 b\u0119dziemya)&nbsp;&nbsp;&nbsp;&nbsp;&nbsp; w zakresie dzia\u0142a\u0144 zmierzaj\u0105cych do zawarcia umowy &#8211; przez okres niezb\u0119dny do podj\u0119cia takich dzia\u0142a\u0144;b)&nbsp;&nbsp;&nbsp;&nbsp;&nbsp; w zakresie realizacji umowy &#8211; przez okres niezb\u0119dny do realizacji umowy;c)&nbsp;&nbsp;&nbsp;&nbsp;&nbsp; w zakresie wype\u0142niania obowi\u0105zk\u00f3w prawnych ci\u0105\u017c\u0105cych na Administratorze &#8211; przez okres niezb\u0119dny do wype\u0142niania tych obowi\u0105zk\u00f3w przez Administratora;d)&nbsp;&nbsp;&nbsp;&nbsp;&nbsp; w zakresie badania satysfakcji klient\u00f3w i okre\u015blania jako\u015bci obs\u0142ugi i produktu \u2013 przez okres nie d\u0142u\u017cszy ni\u017c podany w punkcie 4 lit. e;e)&nbsp;&nbsp;&nbsp;&nbsp;&nbsp; w zakresie ustalenia, dochodzenia lub obrony roszcze\u0144 \u2013 przez okres przedawnienia takich roszcze\u0144 przewidziany przepisami prawa;w zakresie marketingu bezpo\u015bredniego &#8211; do czasu wniesienia sprzeciwu<\/td><td>badanie satysfakcji klient\u00f3w i okre\u015blenie jako\u015bci obs\u0142ugi i produktu oraz marketing bezpo\u015bredni produkt\u00f3w i us\u0142ug<\/td><\/tr><tr><td>Zawarcie i wykonanie umowy z kontrahentem<\/td><td>Art. 6 ust 1 lit. b) lub Art. 6 ust. 1 lit. c) lub art. 6 ust. 1lit. f) RODODane przetwarza\u0107 b\u0119dziemya)&nbsp;&nbsp;&nbsp;&nbsp;&nbsp; w zakresie realizacji umowy &#8211; przez okres niezb\u0119dny do wykonania tej umowy,b)&nbsp;&nbsp;&nbsp;&nbsp;&nbsp; w zakresie wype\u0142niania obowi\u0105zk\u00f3w prawnych ci\u0105\u017c\u0105cych na Administratorze &#8211; przez okres niezb\u0119dny do wype\u0142niania tych obowi\u0105zk\u00f3w przez Administratora,c)&nbsp;&nbsp;&nbsp;&nbsp;&nbsp; w zakresie ustalenia, dochodzenia lub obrony przed roszczeniami &#8211; przez okres przedawnienia takich roszcze\u0144 przewidziany przepisami prawa<\/td><td>dochodzenie lub obrona przed roszczeniami<\/td><\/tr><tr><td>Dochodzenie roszcze\u0144 lub obrona przed roszczeniami<\/td><td>Art. 6 ust. 1lit. f) RODO<br>Dane przetwarza\u0107 b\u0119dziemy do czasu up\u0142ywu termin\u00f3w przedawnienia ewentualnych roszcze\u0144.<\/td><td>dochodzenie lub obrona przed roszczeniami<\/td><\/tr><tr><td>Archiwizowanie dokument\u00f3w<\/td><td>Art. 6 ust. 1lit. c) lub f) RODO<br>Dane przetwarza\u0107 b\u0119dziemy przez okresy wymagane przepisami prawa dla poszczeg\u00f3lnego rodzaju dokumentacji, np. Dokumenty rozliczeniowe dla cel\u00f3w podatkowych, b\u0119dziemy przetwarza\u0107 przez 5 lat od czasu zako\u0144czenia roku, w kt\u00f3rym zaistnia\u0142 obowi\u0105zek podatkowy oraz dla zabezpieczenia informacji na wypadek prawnej potrzeby wykazania fakt\u00f3w do czasu up\u0142ywu termin\u00f3w przedawnienia ewentualnych roszcze\u0144.<\/td><td>&nbsp;<\/td><\/tr><tr><td>Sporz\u0105dzanie statystyk<\/td><td>Art. 6 ust. 1lit. f) RODODane przetwarza\u0107 b\u0119dziemy do czasu wyga\u015bni\u0119cia dowolnego celu przetwarzania, kt\u00f3remu towarzyszy sporz\u0105dzanie statystyki. Sporz\u0105dzanie statystyk jest jedynie procesem wsp\u00f3\u0142towarzysz\u0105cym innym procesom<\/td><td>Polepszenie jako\u015bci \u015bwiadczonych us\u0142ug oraz dochodzenie lub obrona przed roszczeniami<\/td><\/tr><tr><td>Komunikacja z pe\u0142nomocnikami<\/td><td>Art. 6 ust. 1lit. f) RODO<br>Dane przetwarza\u0107 b\u0119dziemy do czasu up\u0142ywu termin\u00f3w przedawnienia ewentualnych roszcze\u0144.<\/td><td>Realizacja czynno\u015bci obj\u0119tych zakresem pe\u0142nomocnictwa oraz dochodzenie lub obrona przed roszczeniami<\/td><\/tr><tr><td>Realizacja przychodz\u0105cych zg\u0142osze\u0144<\/td><td>Art. 6 ust. 1lit. f) RODO<br>Dane przetwarza\u0107 b\u0119dziemy do czasu up\u0142ywu termin\u00f3w przedawnienia ewentualnych roszcze\u0144.<\/td><td>Realizacja zg\u0142oszenia oraz dochodzenie lub obrona przed roszczeniami<\/td><\/tr><tr><td>Przetwarzanie danych z wizyt\u00f3wek, gdy zosta\u0142y zewidencjonowane lub w\u0142\u0105czone do systemu elektronicznego (np. gdy na jej podstawie otrzymali Pa\u0144stwo od nas wiadomo\u015b\u0107 e- mail.)<\/td><td>Art. 6 ust. 1lit. f) RODODane przetwarza\u0107 b\u0119dziemy do czasu wniesienia sprzeciwu.<\/td><td>w celu prowadzenia korespondencji, nawi\u0105zania kontaktu handlowego i ka\u017cdym innym w celu, dla kt\u00f3rego zosta\u0142y nam udost\u0119pnione<\/td><\/tr><tr><td>Dostarczanie newslettera<\/td><td>Art. 6 ust. 1lit. a) RODO<br>Dane przetwarza\u0107 b\u0119dziemy do czasu cofni\u0119cia zgody.<\/td><td>&nbsp;<\/td><\/tr><\/tbody><\/table><\/figure>\n\n\n\n<p>4. Prawa zwi\u0105zane z przetwarzaniem danych osobowych:<\/p>\n\n\n\n<p>Osobom, kt\u00f3rych dane dotycz\u0105 przys\u0142uguj\u0105 nast\u0119puj\u0105ce prawa:<\/p>\n\n\n\n<ul><li>prawo do informacji o przetwarzaniu danych osobowych,<\/li><li>prawo uzyskania kopii danych,<\/li><li>prawo do sprostowania,<\/li><li>prawo do usuni\u0119cia danych<\/li><li>prawo do ograniczenia przetwarzania,<\/li><li>prawo do przenoszenia danych,<\/li><li>prawo sprzeciwu wobec przetwarzania danych w celu marketingu bezpo\u015bredniego,<\/li><li>prawo sprzeciwu wobec innych cel\u00f3w przetwarzania danych,<\/li><li>prawo wycofania zgody,<\/li><li>prawo do skargi \u2013 w przypadku uznania, \u017ce przetwarzanie danych osobowych narusza przepisy RODO lub inne przepisy dotycz\u0105ce ochrony danych osobowych, osoba, kt\u00f3rej dane dotycz\u0105, mo\u017ce z\u0142o\u017cy\u0107 skarg\u0119 do Prezesa Urz\u0119du Ochrony Danych Osobowych.<\/li><\/ul>\n\n\n\n<p>5. Obowi\u0105zek podania danych<\/p>\n\n\n\n<p>Podanie danych osobowych jest dobrowolne, aczkolwiek niezb\u0119dne do skorzystania z us\u0142ug realizowanych przez Administratora lub zawarcia umowy z Administratorem, a tak\u017ce oraz zado\u015b\u0107uczynienia przez niego wymogom prawnym.<\/p>\n\n\n\n<p>6. Przekazywanie danych podmiotom trzecim<\/p>\n\n\n\n<p>Przekazanie danych poni\u017cszym podmiotom odbywa si\u0119 w zgodzie z obowi\u0105zuj\u0105cymi przepisami prawa oraz przy zachowaniu pe\u0142nych zasad zwi\u0105zanych z ich bezpiecze\u0144stwem. Dost\u0119p do danych osobowych mog\u0105 mie\u0107:<\/p>\n\n\n\n<ul><li>pracownicy i wsp\u00f3\u0142pracownicy Administratora posiadaj\u0105cy stosowne upowa\u017cnienia;<\/li><li>podmioty bior\u0105ce udzia\u0142 w \u015bwiadczeniu us\u0142ug lub realizacji umowy dzia\u0142aj\u0105cy na zlecenie Administratora lub wsp\u00f3lnie z Administratorem &#8211; w przypadku danych osobowych przetwarzanych w tym celu;<\/li><li>podmioty, kt\u00f3rym Administrator powierzy\u0142 przetwarzanie danych osobowych.<\/li><\/ul>\n\n\n\n<p>Administrator nie b\u0119dzie przekazywa\u0107 danych osobowych do pa\u0144stw spoza Europejskiego Obszaru Gospodarczego ani organizacji mi\u0119dzynarodowych.<\/p>\n\n\n\n<p>7. Profilowanie<\/p>\n\n\n\n<p>Przetwarzane dane osobowe nie b\u0119d\u0105 podlega\u0142y zautomatyzowanemu profilowaniu, nie b\u0119d\u0105 te\u017c wobec nich podejmowane zautomatyzowane decyzje (bez udzia\u0142u cz\u0142owieka), z zastrze\u017ceniem danych osobowych przetwarzanych w celach marketingowych, kt\u00f3re b\u0119d\u0105 podlega\u0107 profilowaniu na nast\u0119puj\u0105cych zasadach. W celu realizowania dzia\u0142a\u0144 marketingowych Administrator w niekt\u00f3rych przypadkach wykorzystuje profilowanie. Oznacza to, \u017ce dzi\u0119ki automatycznemu przetwarzaniu danych Administrator dokonuje oceny wybranych czynnik\u00f3w dotycz\u0105cych os\u00f3b fizycznych w celu analizy ich zachowania lub stworzenia prognozy na przysz\u0142o\u015b\u0107. Dokonuj\u0105c tego rodzaju profilowania Administrator nie stosuje jednak w stosunku do u\u017cytkownika profilowania wywo\u0142uj\u0105cego wobec niego skutki prawne&nbsp;lub w podobny spos\u00f3b istotnie na niego wp\u0142ywaj\u0105cego.<\/p>\n\n\n\n<p>8. Wykorzystanie ciasteczek (\u201ecookies\u201d)<\/p>\n\n\n\n<p>Serwis internetowy Administratora dost\u0119pny pod adresem <a href=\"http:\/\/vivere.pl\/\">http:\/\/vivere.pl\/<\/a> wykorzystuje mechanizm \u201ecookies\u201d. Administrator przetwarza dane osobowe w celu realizowania dzia\u0142a\u0144 marketingowych, czego podstaw\u0119 prawn\u0105 stanowi uzasadniony interes Administratora (art. 6 ust. 1 lit. f RODO). Dzia\u0142ania te mog\u0105 polega\u0107 w szczeg\u00f3lno\u015bci na:<\/p>\n\n\n\n<ul><li>wy\u015bwietlaniu u\u017cytkownikowi tre\u015bci marketingowych, kt\u00f3re nie s\u0105 dostosowane do jego preferencji (reklama kontekstowa);<\/li><li>&nbsp;wy\u015bwietlaniu u\u017cytkownikowi tre\u015bci marketingowych odpowiadaj\u0105cych jego zainteresowaniom (reklama behawioralna);<\/li><li>kierowaniu e-mailowych powiadomie\u0144 o interesuj\u0105cych ofertach lub tre\u015bciach, kt\u00f3re w niekt\u00f3rych przypadkach zawieraj\u0105 informacje handlowe;<\/li><li>prowadzenie innego rodzaju dzia\u0142a\u0144 zwi\u0105zanych z marketingiem bezpo\u015brednim towar\u00f3w i us\u0142ug (przesy\u0142anie informacji handlowych drog\u0105 elektroniczn\u0105 oraz dzia\u0142ania telemarketingowe).<\/li><\/ul>\n\n\n\n<p>Pliki cookies to ma\u0142e pliki tekstowe instalowane na urz\u0105dzeniu u\u017cytkownika przegl\u0105daj\u0105cego serwis internetowy dost\u0119pny pod adresem http:\/\/vivere.pl\/ .Cookies zbieraj\u0105 informacje u\u0142atwiaj\u0105ce korzystanie ze strony internetowej \u2013 np. poprzez zapami\u0119tywanie odwiedzin u\u017cytkownika oraz dokonywanych przez niego czynno\u015bci.<\/p>\n\n\n\n<p>Administrator wykorzystuje tzw. cookie przede wszystkim w celu dostarczania u\u017cytkownikowi us\u0142ug \u015bwiadczonych drog\u0105 elektroniczn\u0105 oraz poprawy jako\u015bci tych us\u0142ug. W zwi\u0105zku z tym Administrator oraz inne podmioty \u015bwiadcz\u0105ce na jego rzecz us\u0142ugi analityczne i statystyczne korzystaj\u0105 z plik\u00f3w cookies, przechowuj\u0105c informacje lub uzyskuj\u0105c dost\u0119p do informacji ju\u017c przechowywanych w telekomunikacyjnym urz\u0105dzeniu ko\u0144cowym u\u017cytkownika (komputer, telefon, tablet itp.). Pliki cookies wykorzystywane w tym celu mog\u0105 obejmowa\u0107:<\/p>\n\n\n\n<ul><li>pliki cookies z danymi wprowadzanymi przez u\u017cytkownika (identyfikator sesji) na czas trwania sesji (ang.&nbsp;userinputcookies),<\/li><li>uwierzytelniaj\u0105ce pliki cookies wykorzystywane do us\u0142ug wymagaj\u0105cych uwierzytelniania na czas trwania sesji (ang.&nbsp;authenticationcookies),<\/li><li>pliki cookies s\u0142u\u017c\u0105ce do zapewnienia bezpiecze\u0144stwa, np. wykorzystywane do wykrywania nadu\u017cy\u0107 w zakresie uwierzytelniania (ang.&nbsp;usercentricsecuritycookies),<\/li><li>sesyjne pliki cookies odtwarzaczy multimedialnych (np. pliki cookies odtwarzacza flash), na czas trwania sesji (ang.&nbsp;multimedia playersessioncookies),<\/li><li>trwa\u0142e pliki cookies s\u0142u\u017c\u0105ce do personalizacji interfejsu u\u017cytkownika na czas trwania sesji lub nieco d\u0142u\u017cej (ang.&nbsp;userinterfacecustomizationcookies),<\/li><li>pliki cookies s\u0142u\u017c\u0105ce do zapami\u0119tywania zawarto\u015bci koszyka na czas trwania sesji (ang.&nbsp;shopping cartcookies),<\/li><li>pliki cookies s\u0142u\u017c\u0105ce do monitorowania ruchu na stronie internetowej, tj. analityki danych, w tym cookies Google Analytics (s\u0105 to pliki wykorzystywane przez sp\u00f3\u0142k\u0119 Google w celu analizy sposobu korzystania ze strony internetowej, do tworzenia statystyk i raport\u00f3w dotycz\u0105cych funkcjonowania strony internetowej). Google nie wykorzystuje zebranych danych do identyfikacji u\u017cytkownika ani nie \u0142\u0105czy tych informacji w celu umo\u017cliwienia<br>identyfikacji. Szczeg\u00f3\u0142owe informacje o zakresie i zasadach zbierania danych<br>w zwi\u0105zku z t\u0105 us\u0142ug\u0105 mo\u017cna znale\u017a\u0107 pod linkiem: <a href=\"https:\/\/www.google.com\/intl\/pl\/policies\/privacy\/partners\">https:\/\/www.google.com\/intl\/pl\/policies\/privacy\/partners<\/a>.<\/li><\/ul>\n\n\n\n<p>9. Portale spo\u0142eczno\u015bciowe<\/p>\n\n\n\n<p>Administrator przetwarza dane osobowe u\u017cytkownik\u00f3w odwiedzaj\u0105cych profile Administratora prowadzone w mediach spo\u0142eczno\u015bciowych (Facebook, Instagram). Dane te s\u0105 przetwarzane wy\u0142\u0105cznie w zwi\u0105zku z prowadzeniem profilu, w tym w celu informowania u\u017cytkownik\u00f3w o aktywno\u015bci Administratora oraz promowaniu r\u00f3\u017cnego rodzaju wydarze\u0144, us\u0142ug oraz produkt\u00f3w, a tak\u017ce w celu komunikacji z u\u017cytkownikami za po\u015brednictwem funkcjonalno\u015bci dost\u0119pnych w portalach spo\u0142eczno\u015bciowych. Podstaw\u0105 prawn\u0105 przetwarzania danych osobowych przez Administratora w tym celu jest jego uzasadniony interes (art. 6 ust. 1 lit. f RODO) polegaj\u0105cy na promowaniu w\u0142asnej marki oraz budowaniu i utrzymaniu spo\u0142eczno\u015bci zwi\u0105zanej z mark\u0105.<\/p>\n\n\n\n<p>10. Zabezpieczenie danych<\/p>\n\n\n\n<p>Administrator stosuje \u015brodki organizacyjne i techniczne adekwatne do ryzyk zwi\u0105zanych z przetwarzanymi przez niego danymi. Administrator dok\u0142ada wszelkich stara\u0144 by ww. \u015brodki zabezpiecza\u0142y dane osobowe i prywatno\u015b\u0107 os\u00f3b, kt\u00f3rych dane dotycz\u0105.<\/p>\n\n\n\n<p>11. Postanowienia ko\u0144cowe<\/p>\n\n\n\n<p>Administrator zastrzega sobie prawo do zmian w tre\u015bci polityki prywatno\u015bci w sytuacji zmian w przepisach prawa polskiego lub wdra\u017cania nowych rozwi\u0105zaniach technologiczno-informatycznych.<\/p>\n","protected":false},"excerpt":{"rendered":"<p>1. Administrator Administratorem danych osobowych jest VIVERE sp\u00f3\u0142ka z ograniczon\u0105 odpowiedzialno\u015bci\u0105 z siedzib\u0105 w Warszawie (00-845), przy ul. \u0141uckiej 2\/4\/6, wpisana do rejestru przedsi\u0119biorc\u00f3w KRS pod numerem 0000738651, kt\u00f3rej akta rejestrowe przechowywane s\u0105 przez S\u0105d Rejonowy&#8230; <a class=\"more\" href=\"https:\/\/vivere.pl\/vivereverde\/polityka-prywatnosci\/\"> Wi\u0119cej &rarr;<\/a><\/p>\n","protected":false},"author":1,"featured_media":0,"parent":0,"menu_order":0,"comment_status":"closed","ping_status":"open","template":"","meta":[],"acf":[],"_links":{"self":[{"href":"https:\/\/vivere.pl\/vivereverde\/wp-json\/wp\/v2\/pages\/3"}],"collection":[{"href":"https:\/\/vivere.pl\/vivereverde\/wp-json\/wp\/v2\/pages"}],"about":[{"href":"https:\/\/vivere.pl\/vivereverde\/wp-json\/wp\/v2\/types\/page"}],"author":[{"embeddable":true,"href":"https:\/\/vivere.pl\/vivereverde\/wp-json\/wp\/v2\/users\/1"}],"replies":[{"embeddable":true,"href":"https:\/\/vivere.pl\/vivereverde\/wp-json\/wp\/v2\/comments?post=3"}],"version-history":[{"count":1,"href":"https:\/\/vivere.pl\/vivereverde\/wp-json\/wp\/v2\/pages\/3\/revisions"}],"predecessor-version":[{"id":833,"href":"https:\/\/vivere.pl\/vivereverde\/wp-json\/wp\/v2\/pages\/3\/revisions\/833"}],"wp:attachment":[{"href":"https:\/\/vivere.pl\/vivereverde\/wp-json\/wp\/v2\/media?parent=3"}],"curies":[{"name":"wp","href":"https:\/\/api.w.org\/{rel}","templated":true}]}}